{"id":22,"date":"2017-09-21T19:48:56","date_gmt":"2017-09-21T19:48:56","guid":{"rendered":"http:\/\/bsitco.de\/?page_id=22"},"modified":"2022-01-11T17:53:34","modified_gmt":"2022-01-11T17:53:34","slug":"it-solutions","status":"publish","type":"page","link":"https:\/\/bsitco.de\/en\/it-solutions\/","title":{"rendered":"IT solutions"},"content":{"rendered":"<h2>Unsere Dienstleistungen f\u00fcr Jedermann in L\u00f6cknitz und Umgebung<\/h2>\n<p>Ihr kompetenter Partner f\u00fcr Ihre Probleme mit der IT-Technik. Wir sind &nbsp;f\u00fcr Sie da. Wir beraten Sie und helfen bei Problemen. Smartphones, &nbsp;Tablets, PC-Technik, Notebooks.<\/p>\n<p>Die einfache und schnelle PC-Hilfe in &nbsp;L\u00f6cknitz!<br \/>\nBitte Termin vereinbaren oder zu unseren \u00d6ffnungszeiten vorbeikommen.<br \/>\nGe\u00f6ffnet: Freitags von 09:00 &#8211; 18:00 Uhr.<\/p>\n<p><a href=\"http:\/\/www.rejkowicz.pl\"><img loading=\"lazy\" decoding=\"async\" class=\"alignleft wp-image-83 size-medium\" src=\"http:\/\/bsitco.de\/wp-content\/uploads\/2017\/09\/reyco_logo_webdesign-300x124.png\" alt=\"REYCO web and app design\" width=\"300\" height=\"124\" srcset=\"https:\/\/bsitco.de\/wp-content\/uploads\/2017\/09\/reyco_logo_webdesign-300x124.png 300w, https:\/\/bsitco.de\/wp-content\/uploads\/2017\/09\/reyco_logo_webdesign.png 548w\" sizes=\"(max-width: 300px) 100vw, 300px\" \/><\/a><\/p>\n","protected":false},"excerpt":{"rendered":"<p>Unsere Dienstleistungen f\u00fcr Jedermann in L\u00f6cknitz und Umgebung Ihr kompetenter Partner f\u00fcr Ihre Probleme mit der IT-Technik. Wir sind &nbsp;f\u00fcr Sie da. Wir beraten Sie und helfen bei Problemen. Smartphones, &nbsp;Tablets, PC-Technik, Notebooks. Die einfache und schnelle PC-Hilfe in &nbsp;L\u00f6cknitz! Bitte Termin vereinbaren oder zu unseren \u00d6ffnungszeiten vorbeikommen. Ge\u00f6ffnet: Freitags von 09:00 &#8211; 18:00 Uhr.<\/p>\n","protected":false},"author":1,"featured_media":0,"parent":0,"menu_order":0,"comment_status":"closed","ping_status":"closed","template":"leistungen.php","meta":{"_locale":"en_US","_original_post":"http:\/\/bsitco.de\/?page_id=22","footnotes":""},"class_list":["post-22","page","type-page","status-publish","hentry","en-US"],"yoast_head":"<!-- This site is optimized with the Yoast SEO plugin v23.4 - https:\/\/yoast.com\/wordpress\/plugins\/seo\/ -->\n<title>IT solutions - BSITCO GmbH<\/title>\n<meta name=\"robots\" content=\"index, follow, max-snippet:-1, max-image-preview:large, max-video-preview:-1\" \/>\n<link rel=\"canonical\" href=\"https:\/\/bsitco.de\/en\/it-solutions\/\" \/>\n<meta property=\"og:locale\" content=\"en_US\" \/>\n<meta property=\"og:type\" content=\"article\" \/>\n<meta property=\"og:title\" content=\"IT solutions - BSITCO GmbH\" \/>\n<meta property=\"og:description\" content=\"Unsere Dienstleistungen f\u00fcr Jedermann in L\u00f6cknitz und Umgebung Ihr kompetenter Partner f\u00fcr Ihre Probleme mit der IT-Technik. Wir sind &nbsp;f\u00fcr Sie da. Wir beraten Sie und helfen bei Problemen. Smartphones, &nbsp;Tablets, PC-Technik, Notebooks. Die einfache und schnelle PC-Hilfe in &nbsp;L\u00f6cknitz! Bitte Termin vereinbaren oder zu unseren \u00d6ffnungszeiten vorbeikommen. Ge\u00f6ffnet: Freitags von 09:00 &#8211; 18:00 Uhr.\" \/>\n<meta property=\"og:url\" content=\"https:\/\/bsitco.de\/en\/it-solutions\/\" \/>\n<meta property=\"og:site_name\" content=\"BSITCO GmbH\" \/>\n<meta property=\"article:modified_time\" content=\"2022-01-11T17:53:34+00:00\" \/>\n<meta property=\"og:image\" content=\"http:\/\/bsitco.de\/wp-content\/uploads\/2017\/09\/reyco_logo_webdesign-300x124.png\" \/>\n<meta name=\"twitter:card\" content=\"summary_large_image\" \/>\n<meta name=\"twitter:label1\" content=\"Est. reading time\" \/>\n\t<meta name=\"twitter:data1\" content=\"1 minute\" \/>\n<script type=\"application\/ld+json\" class=\"yoast-schema-graph\">{\"@context\":\"https:\/\/schema.org\",\"@graph\":[{\"@type\":\"WebPage\",\"@id\":\"https:\/\/bsitco.de\/en\/it-solutions\/\",\"url\":\"https:\/\/bsitco.de\/en\/it-solutions\/\",\"name\":\"IT solutions - BSITCO GmbH\",\"isPartOf\":{\"@id\":\"https:\/\/bsitco.de\/#website\"},\"primaryImageOfPage\":{\"@id\":\"https:\/\/bsitco.de\/en\/it-solutions\/#primaryimage\"},\"image\":{\"@id\":\"https:\/\/bsitco.de\/en\/it-solutions\/#primaryimage\"},\"thumbnailUrl\":\"http:\/\/bsitco.de\/wp-content\/uploads\/2017\/09\/reyco_logo_webdesign-300x124.png\",\"datePublished\":\"2017-09-21T19:48:56+00:00\",\"dateModified\":\"2022-01-11T17:53:34+00:00\",\"breadcrumb\":{\"@id\":\"https:\/\/bsitco.de\/en\/it-solutions\/#breadcrumb\"},\"inLanguage\":\"en-US\",\"potentialAction\":[{\"@type\":\"ReadAction\",\"target\":[\"https:\/\/bsitco.de\/en\/it-solutions\/\"]}]},{\"@type\":\"ImageObject\",\"inLanguage\":\"en-US\",\"@id\":\"https:\/\/bsitco.de\/en\/it-solutions\/#primaryimage\",\"url\":\"https:\/\/bsitco.de\/wp-content\/uploads\/2017\/09\/reyco_logo_webdesign.png\",\"contentUrl\":\"https:\/\/bsitco.de\/wp-content\/uploads\/2017\/09\/reyco_logo_webdesign.png\",\"width\":548,\"height\":226},{\"@type\":\"BreadcrumbList\",\"@id\":\"https:\/\/bsitco.de\/en\/it-solutions\/#breadcrumb\",\"itemListElement\":[{\"@type\":\"ListItem\",\"position\":1,\"name\":\"Startseite\",\"item\":\"https:\/\/bsitco.de\/\"},{\"@type\":\"ListItem\",\"position\":2,\"name\":\"IT solutions\"}]},{\"@type\":\"WebSite\",\"@id\":\"https:\/\/bsitco.de\/#website\",\"url\":\"https:\/\/bsitco.de\/\",\"name\":\"BSITCO GmbH\",\"description\":\"business services, it solutions and CoWorking\",\"publisher\":{\"@id\":\"https:\/\/bsitco.de\/#organization\"},\"potentialAction\":[{\"@type\":\"SearchAction\",\"target\":{\"@type\":\"EntryPoint\",\"urlTemplate\":\"https:\/\/bsitco.de\/?s={search_term_string}\"},\"query-input\":{\"@type\":\"PropertyValueSpecification\",\"valueRequired\":true,\"valueName\":\"search_term_string\"}}],\"inLanguage\":\"en-US\"},{\"@type\":\"Organization\",\"@id\":\"https:\/\/bsitco.de\/#organization\",\"name\":\"BSITCO GmbH\",\"url\":\"https:\/\/bsitco.de\/\",\"logo\":{\"@type\":\"ImageObject\",\"inLanguage\":\"en-US\",\"@id\":\"https:\/\/bsitco.de\/#\/schema\/logo\/image\/\",\"url\":\"http:\/\/bsitco.de\/wp-content\/uploads\/2017\/09\/logo_beztla_czarne-e1506022331956.png\",\"contentUrl\":\"http:\/\/bsitco.de\/wp-content\/uploads\/2017\/09\/logo_beztla_czarne-e1506022331956.png\",\"width\":400,\"height\":139,\"caption\":\"BSITCO GmbH\"},\"image\":{\"@id\":\"https:\/\/bsitco.de\/#\/schema\/logo\/image\/\"}}]}<\/script>\n<!-- \/ Yoast SEO plugin. -->","yoast_head_json":{"title":"IT solutions - BSITCO GmbH","robots":{"index":"index","follow":"follow","max-snippet":"max-snippet:-1","max-image-preview":"max-image-preview:large","max-video-preview":"max-video-preview:-1"},"canonical":"https:\/\/bsitco.de\/en\/it-solutions\/","og_locale":"en_US","og_type":"article","og_title":"IT solutions - BSITCO GmbH","og_description":"Unsere Dienstleistungen f\u00fcr Jedermann in L\u00f6cknitz und Umgebung Ihr kompetenter Partner f\u00fcr Ihre Probleme mit der IT-Technik. Wir sind &nbsp;f\u00fcr Sie da. Wir beraten Sie und helfen bei Problemen. Smartphones, &nbsp;Tablets, PC-Technik, Notebooks. Die einfache und schnelle PC-Hilfe in &nbsp;L\u00f6cknitz! Bitte Termin vereinbaren oder zu unseren \u00d6ffnungszeiten vorbeikommen. Ge\u00f6ffnet: Freitags von 09:00 &#8211; 18:00 Uhr.","og_url":"https:\/\/bsitco.de\/en\/it-solutions\/","og_site_name":"BSITCO GmbH","article_modified_time":"2022-01-11T17:53:34+00:00","og_image":[{"url":"http:\/\/bsitco.de\/wp-content\/uploads\/2017\/09\/reyco_logo_webdesign-300x124.png"}],"twitter_card":"summary_large_image","twitter_misc":{"Est. reading time":"1 minute"},"schema":{"@context":"https:\/\/schema.org","@graph":[{"@type":"WebPage","@id":"https:\/\/bsitco.de\/en\/it-solutions\/","url":"https:\/\/bsitco.de\/en\/it-solutions\/","name":"IT solutions - BSITCO GmbH","isPartOf":{"@id":"https:\/\/bsitco.de\/#website"},"primaryImageOfPage":{"@id":"https:\/\/bsitco.de\/en\/it-solutions\/#primaryimage"},"image":{"@id":"https:\/\/bsitco.de\/en\/it-solutions\/#primaryimage"},"thumbnailUrl":"http:\/\/bsitco.de\/wp-content\/uploads\/2017\/09\/reyco_logo_webdesign-300x124.png","datePublished":"2017-09-21T19:48:56+00:00","dateModified":"2022-01-11T17:53:34+00:00","breadcrumb":{"@id":"https:\/\/bsitco.de\/en\/it-solutions\/#breadcrumb"},"inLanguage":"en-US","potentialAction":[{"@type":"ReadAction","target":["https:\/\/bsitco.de\/en\/it-solutions\/"]}]},{"@type":"ImageObject","inLanguage":"en-US","@id":"https:\/\/bsitco.de\/en\/it-solutions\/#primaryimage","url":"https:\/\/bsitco.de\/wp-content\/uploads\/2017\/09\/reyco_logo_webdesign.png","contentUrl":"https:\/\/bsitco.de\/wp-content\/uploads\/2017\/09\/reyco_logo_webdesign.png","width":548,"height":226},{"@type":"BreadcrumbList","@id":"https:\/\/bsitco.de\/en\/it-solutions\/#breadcrumb","itemListElement":[{"@type":"ListItem","position":1,"name":"Startseite","item":"https:\/\/bsitco.de\/"},{"@type":"ListItem","position":2,"name":"IT solutions"}]},{"@type":"WebSite","@id":"https:\/\/bsitco.de\/#website","url":"https:\/\/bsitco.de\/","name":"BSITCO GmbH","description":"business services, it solutions and CoWorking","publisher":{"@id":"https:\/\/bsitco.de\/#organization"},"potentialAction":[{"@type":"SearchAction","target":{"@type":"EntryPoint","urlTemplate":"https:\/\/bsitco.de\/?s={search_term_string}"},"query-input":{"@type":"PropertyValueSpecification","valueRequired":true,"valueName":"search_term_string"}}],"inLanguage":"en-US"},{"@type":"Organization","@id":"https:\/\/bsitco.de\/#organization","name":"BSITCO GmbH","url":"https:\/\/bsitco.de\/","logo":{"@type":"ImageObject","inLanguage":"en-US","@id":"https:\/\/bsitco.de\/#\/schema\/logo\/image\/","url":"http:\/\/bsitco.de\/wp-content\/uploads\/2017\/09\/logo_beztla_czarne-e1506022331956.png","contentUrl":"http:\/\/bsitco.de\/wp-content\/uploads\/2017\/09\/logo_beztla_czarne-e1506022331956.png","width":400,"height":139,"caption":"BSITCO GmbH"},"image":{"@id":"https:\/\/bsitco.de\/#\/schema\/logo\/image\/"}}]}},"_links":{"self":[{"href":"https:\/\/bsitco.de\/wp-json\/wp\/v2\/pages\/22"}],"collection":[{"href":"https:\/\/bsitco.de\/wp-json\/wp\/v2\/pages"}],"about":[{"href":"https:\/\/bsitco.de\/wp-json\/wp\/v2\/types\/page"}],"author":[{"embeddable":true,"href":"https:\/\/bsitco.de\/wp-json\/wp\/v2\/users\/1"}],"replies":[{"embeddable":true,"href":"https:\/\/bsitco.de\/wp-json\/wp\/v2\/comments?post=22"}],"version-history":[{"count":6,"href":"https:\/\/bsitco.de\/wp-json\/wp\/v2\/pages\/22\/revisions"}],"predecessor-version":[{"id":263,"href":"https:\/\/bsitco.de\/wp-json\/wp\/v2\/pages\/22\/revisions\/263"}],"wp:attachment":[{"href":"https:\/\/bsitco.de\/wp-json\/wp\/v2\/media?parent=22"}],"curies":[{"name":"wp","href":"https:\/\/api.w.org\/{rel}","templated":true}]}}