{"id":148,"date":"2017-09-25T07:07:27","date_gmt":"2017-09-25T07:07:27","guid":{"rendered":"http:\/\/bsitco.de\/?page_id=148"},"modified":"2017-09-25T11:13:52","modified_gmt":"2017-09-25T11:13:52","slug":"it-solutions","status":"publish","type":"page","link":"https:\/\/bsitco.de\/pl\/leistungen\/it-solutions\/","title":{"rendered":"IT solutions"},"content":{"rendered":"<h2>PL<\/h2>\n<p>Ihr kompetenter Partner f\u00fcr Ihre Probleme mit der IT-Technik. Wir sind \u00a0f\u00fcr Sie da. Wir beraten Sie und helfen bei Problemen. Smartphones, \u00a0Tablets, PC-Technik, Notebooks.<\/p>\n<p>Die einfache und schnelle PC-Hilfe in \u00a0L\u00f6cknitz!<br \/>\nBitte Termin vereinbaren oder zu unseren \u00d6ffnungszeiten vorbeikommen.<br \/>\nGe\u00f6ffnet: Freitags von 09:00 &#8211; 18:00 Uhr.<\/p>\n<p><a href=\"http:\/\/www.rejkowicz.pl\"><img loading=\"lazy\" decoding=\"async\" class=\"alignleft wp-image-83 size-medium\" src=\"http:\/\/bsitco.de\/wp-content\/uploads\/2017\/09\/reyco_logo_webdesign-300x124.png\" alt=\"REYCO web and app design\" width=\"300\" height=\"124\" srcset=\"https:\/\/bsitco.de\/wp-content\/uploads\/2017\/09\/reyco_logo_webdesign-300x124.png 300w, https:\/\/bsitco.de\/wp-content\/uploads\/2017\/09\/reyco_logo_webdesign.png 548w\" sizes=\"(max-width: 300px) 100vw, 300px\" \/><\/a><\/p>\n","protected":false},"excerpt":{"rendered":"<p>PL Ihr kompetenter Partner f\u00fcr Ihre Probleme mit der IT-Technik. Wir sind \u00a0f\u00fcr Sie da. Wir beraten Sie und helfen bei Problemen. Smartphones, \u00a0Tablets, PC-Technik, Notebooks. Die einfache und schnelle PC-Hilfe in \u00a0L\u00f6cknitz! Bitte Termin vereinbaren oder zu unseren \u00d6ffnungszeiten vorbeikommen. Ge\u00f6ffnet: Freitags von 09:00 &#8211; 18:00 Uhr.<\/p>\n","protected":false},"author":1,"featured_media":0,"parent":158,"menu_order":0,"comment_status":"closed","ping_status":"closed","template":"leistungen.php","meta":{"_locale":"pl_PL","_original_post":"http:\/\/bsitco.de\/?page_id=22","footnotes":""},"class_list":["post-148","page","type-page","status-publish","hentry","pl-PL"],"yoast_head":"<!-- This site is optimized with the Yoast SEO plugin v23.4 - https:\/\/yoast.com\/wordpress\/plugins\/seo\/ -->\n<title>IT solutions - BSITCO GmbH<\/title>\n<meta name=\"robots\" content=\"index, follow, max-snippet:-1, max-image-preview:large, max-video-preview:-1\" \/>\n<link rel=\"canonical\" href=\"https:\/\/bsitco.de\/pl\/leistungen\/it-solutions\/\" \/>\n<meta property=\"og:locale\" content=\"pl_PL\" \/>\n<meta property=\"og:type\" content=\"article\" \/>\n<meta property=\"og:title\" content=\"IT solutions - BSITCO GmbH\" \/>\n<meta property=\"og:description\" content=\"PL Ihr kompetenter Partner f\u00fcr Ihre Probleme mit der IT-Technik. Wir sind \u00a0f\u00fcr Sie da. Wir beraten Sie und helfen bei Problemen. Smartphones, \u00a0Tablets, PC-Technik, Notebooks. Die einfache und schnelle PC-Hilfe in \u00a0L\u00f6cknitz! Bitte Termin vereinbaren oder zu unseren \u00d6ffnungszeiten vorbeikommen. Ge\u00f6ffnet: Freitags von 09:00 &#8211; 18:00 Uhr.\" \/>\n<meta property=\"og:url\" content=\"https:\/\/bsitco.de\/pl\/leistungen\/it-solutions\/\" \/>\n<meta property=\"og:site_name\" content=\"BSITCO GmbH\" \/>\n<meta property=\"article:modified_time\" content=\"2017-09-25T11:13:52+00:00\" \/>\n<meta property=\"og:image\" content=\"http:\/\/bsitco.de\/wp-content\/uploads\/2017\/09\/reyco_logo_webdesign-300x124.png\" \/>\n<meta name=\"twitter:card\" content=\"summary_large_image\" \/>\n<script type=\"application\/ld+json\" class=\"yoast-schema-graph\">{\"@context\":\"https:\/\/schema.org\",\"@graph\":[{\"@type\":\"WebPage\",\"@id\":\"https:\/\/bsitco.de\/pl\/leistungen\/it-solutions\/\",\"url\":\"https:\/\/bsitco.de\/pl\/leistungen\/it-solutions\/\",\"name\":\"IT solutions - BSITCO GmbH\",\"isPartOf\":{\"@id\":\"https:\/\/bsitco.de\/#website\"},\"primaryImageOfPage\":{\"@id\":\"https:\/\/bsitco.de\/pl\/leistungen\/it-solutions\/#primaryimage\"},\"image\":{\"@id\":\"https:\/\/bsitco.de\/pl\/leistungen\/it-solutions\/#primaryimage\"},\"thumbnailUrl\":\"http:\/\/bsitco.de\/wp-content\/uploads\/2017\/09\/reyco_logo_webdesign-300x124.png\",\"datePublished\":\"2017-09-25T07:07:27+00:00\",\"dateModified\":\"2017-09-25T11:13:52+00:00\",\"breadcrumb\":{\"@id\":\"https:\/\/bsitco.de\/pl\/leistungen\/it-solutions\/#breadcrumb\"},\"inLanguage\":\"pl-PL\",\"potentialAction\":[{\"@type\":\"ReadAction\",\"target\":[\"https:\/\/bsitco.de\/pl\/leistungen\/it-solutions\/\"]}]},{\"@type\":\"ImageObject\",\"inLanguage\":\"pl-PL\",\"@id\":\"https:\/\/bsitco.de\/pl\/leistungen\/it-solutions\/#primaryimage\",\"url\":\"https:\/\/bsitco.de\/wp-content\/uploads\/2017\/09\/reyco_logo_webdesign.png\",\"contentUrl\":\"https:\/\/bsitco.de\/wp-content\/uploads\/2017\/09\/reyco_logo_webdesign.png\",\"width\":548,\"height\":226},{\"@type\":\"BreadcrumbList\",\"@id\":\"https:\/\/bsitco.de\/pl\/leistungen\/it-solutions\/#breadcrumb\",\"itemListElement\":[{\"@type\":\"ListItem\",\"position\":1,\"name\":\"Startseite\",\"item\":\"https:\/\/bsitco.de\/\"},{\"@type\":\"ListItem\",\"position\":2,\"name\":\"Us\u0142ugi\",\"item\":\"https:\/\/bsitco.de\/pl\/leistungen\/\"},{\"@type\":\"ListItem\",\"position\":3,\"name\":\"IT solutions\"}]},{\"@type\":\"WebSite\",\"@id\":\"https:\/\/bsitco.de\/#website\",\"url\":\"https:\/\/bsitco.de\/\",\"name\":\"BSITCO GmbH\",\"description\":\"business services, it solutions and CoWorking\",\"publisher\":{\"@id\":\"https:\/\/bsitco.de\/#organization\"},\"potentialAction\":[{\"@type\":\"SearchAction\",\"target\":{\"@type\":\"EntryPoint\",\"urlTemplate\":\"https:\/\/bsitco.de\/?s={search_term_string}\"},\"query-input\":{\"@type\":\"PropertyValueSpecification\",\"valueRequired\":true,\"valueName\":\"search_term_string\"}}],\"inLanguage\":\"pl-PL\"},{\"@type\":\"Organization\",\"@id\":\"https:\/\/bsitco.de\/#organization\",\"name\":\"BSITCO GmbH\",\"url\":\"https:\/\/bsitco.de\/\",\"logo\":{\"@type\":\"ImageObject\",\"inLanguage\":\"pl-PL\",\"@id\":\"https:\/\/bsitco.de\/#\/schema\/logo\/image\/\",\"url\":\"http:\/\/bsitco.de\/wp-content\/uploads\/2017\/09\/logo_beztla_czarne-e1506022331956.png\",\"contentUrl\":\"http:\/\/bsitco.de\/wp-content\/uploads\/2017\/09\/logo_beztla_czarne-e1506022331956.png\",\"width\":400,\"height\":139,\"caption\":\"BSITCO GmbH\"},\"image\":{\"@id\":\"https:\/\/bsitco.de\/#\/schema\/logo\/image\/\"}}]}<\/script>\n<!-- \/ Yoast SEO plugin. -->","yoast_head_json":{"title":"IT solutions - BSITCO GmbH","robots":{"index":"index","follow":"follow","max-snippet":"max-snippet:-1","max-image-preview":"max-image-preview:large","max-video-preview":"max-video-preview:-1"},"canonical":"https:\/\/bsitco.de\/pl\/leistungen\/it-solutions\/","og_locale":"pl_PL","og_type":"article","og_title":"IT solutions - BSITCO GmbH","og_description":"PL Ihr kompetenter Partner f\u00fcr Ihre Probleme mit der IT-Technik. Wir sind \u00a0f\u00fcr Sie da. Wir beraten Sie und helfen bei Problemen. Smartphones, \u00a0Tablets, PC-Technik, Notebooks. Die einfache und schnelle PC-Hilfe in \u00a0L\u00f6cknitz! Bitte Termin vereinbaren oder zu unseren \u00d6ffnungszeiten vorbeikommen. Ge\u00f6ffnet: Freitags von 09:00 &#8211; 18:00 Uhr.","og_url":"https:\/\/bsitco.de\/pl\/leistungen\/it-solutions\/","og_site_name":"BSITCO GmbH","article_modified_time":"2017-09-25T11:13:52+00:00","og_image":[{"url":"http:\/\/bsitco.de\/wp-content\/uploads\/2017\/09\/reyco_logo_webdesign-300x124.png"}],"twitter_card":"summary_large_image","schema":{"@context":"https:\/\/schema.org","@graph":[{"@type":"WebPage","@id":"https:\/\/bsitco.de\/pl\/leistungen\/it-solutions\/","url":"https:\/\/bsitco.de\/pl\/leistungen\/it-solutions\/","name":"IT solutions - BSITCO GmbH","isPartOf":{"@id":"https:\/\/bsitco.de\/#website"},"primaryImageOfPage":{"@id":"https:\/\/bsitco.de\/pl\/leistungen\/it-solutions\/#primaryimage"},"image":{"@id":"https:\/\/bsitco.de\/pl\/leistungen\/it-solutions\/#primaryimage"},"thumbnailUrl":"http:\/\/bsitco.de\/wp-content\/uploads\/2017\/09\/reyco_logo_webdesign-300x124.png","datePublished":"2017-09-25T07:07:27+00:00","dateModified":"2017-09-25T11:13:52+00:00","breadcrumb":{"@id":"https:\/\/bsitco.de\/pl\/leistungen\/it-solutions\/#breadcrumb"},"inLanguage":"pl-PL","potentialAction":[{"@type":"ReadAction","target":["https:\/\/bsitco.de\/pl\/leistungen\/it-solutions\/"]}]},{"@type":"ImageObject","inLanguage":"pl-PL","@id":"https:\/\/bsitco.de\/pl\/leistungen\/it-solutions\/#primaryimage","url":"https:\/\/bsitco.de\/wp-content\/uploads\/2017\/09\/reyco_logo_webdesign.png","contentUrl":"https:\/\/bsitco.de\/wp-content\/uploads\/2017\/09\/reyco_logo_webdesign.png","width":548,"height":226},{"@type":"BreadcrumbList","@id":"https:\/\/bsitco.de\/pl\/leistungen\/it-solutions\/#breadcrumb","itemListElement":[{"@type":"ListItem","position":1,"name":"Startseite","item":"https:\/\/bsitco.de\/"},{"@type":"ListItem","position":2,"name":"Us\u0142ugi","item":"https:\/\/bsitco.de\/pl\/leistungen\/"},{"@type":"ListItem","position":3,"name":"IT solutions"}]},{"@type":"WebSite","@id":"https:\/\/bsitco.de\/#website","url":"https:\/\/bsitco.de\/","name":"BSITCO GmbH","description":"business services, it solutions and CoWorking","publisher":{"@id":"https:\/\/bsitco.de\/#organization"},"potentialAction":[{"@type":"SearchAction","target":{"@type":"EntryPoint","urlTemplate":"https:\/\/bsitco.de\/?s={search_term_string}"},"query-input":{"@type":"PropertyValueSpecification","valueRequired":true,"valueName":"search_term_string"}}],"inLanguage":"pl-PL"},{"@type":"Organization","@id":"https:\/\/bsitco.de\/#organization","name":"BSITCO GmbH","url":"https:\/\/bsitco.de\/","logo":{"@type":"ImageObject","inLanguage":"pl-PL","@id":"https:\/\/bsitco.de\/#\/schema\/logo\/image\/","url":"http:\/\/bsitco.de\/wp-content\/uploads\/2017\/09\/logo_beztla_czarne-e1506022331956.png","contentUrl":"http:\/\/bsitco.de\/wp-content\/uploads\/2017\/09\/logo_beztla_czarne-e1506022331956.png","width":400,"height":139,"caption":"BSITCO GmbH"},"image":{"@id":"https:\/\/bsitco.de\/#\/schema\/logo\/image\/"}}]}},"_links":{"self":[{"href":"https:\/\/bsitco.de\/wp-json\/wp\/v2\/pages\/148"}],"collection":[{"href":"https:\/\/bsitco.de\/wp-json\/wp\/v2\/pages"}],"about":[{"href":"https:\/\/bsitco.de\/wp-json\/wp\/v2\/types\/page"}],"author":[{"embeddable":true,"href":"https:\/\/bsitco.de\/wp-json\/wp\/v2\/users\/1"}],"replies":[{"embeddable":true,"href":"https:\/\/bsitco.de\/wp-json\/wp\/v2\/comments?post=148"}],"version-history":[{"count":1,"href":"https:\/\/bsitco.de\/wp-json\/wp\/v2\/pages\/148\/revisions"}],"predecessor-version":[{"id":150,"href":"https:\/\/bsitco.de\/wp-json\/wp\/v2\/pages\/148\/revisions\/150"}],"up":[{"embeddable":true,"href":"https:\/\/bsitco.de\/wp-json\/wp\/v2\/pages\/158"}],"wp:attachment":[{"href":"https:\/\/bsitco.de\/wp-json\/wp\/v2\/media?parent=148"}],"curies":[{"name":"wp","href":"https:\/\/api.w.org\/{rel}","templated":true}]}}